{"id":92,"date":"2020-02-04T21:20:18","date_gmt":"2020-02-04T21:20:18","guid":{"rendered":"https:\/\/unicoservi.com\/nicaragua\/?page_id=92"},"modified":"2022-08-15T21:42:53","modified_gmt":"2022-08-15T21:42:53","slug":"procedimiento-para-la-tramitacion-de-reclamos-quejas-o-consultas","status":"publish","type":"page","link":"http:\/\/unicoservi.com\/nicaragua\/procedimiento-para-la-tramitacion-de-reclamos-quejas-o-consultas\/","title":{"rendered":"Procedimiento para la tramitaci\u00f3n de reclamos, quejas o consultas."},"content":{"rendered":"\n<figure><\/figure>\n\n\n<h3>Procedimiento para la presentaci\u00f3n de reclamo o queja<\/h3>\n<p>\t\t\t\t\t\t\t\t\t\t\t\t<img width=\"871\" height=\"518\" src=\"https:\/\/unicoservi.com\/nicaragua\/wp-content\/uploads\/2022\/01\/Procedimiento_presentacion_de_reclamo_o_queja.jpg\" alt=\"\" loading=\"lazy\" srcset=\"https:\/\/unicoservi.com\/nicaragua\/wp-content\/uploads\/2022\/01\/Procedimiento_presentacion_de_reclamo_o_queja.jpg 871w, https:\/\/unicoservi.com\/nicaragua\/wp-content\/uploads\/2022\/01\/Procedimiento_presentacion_de_reclamo_o_queja-300x178.jpg 300w, https:\/\/unicoservi.com\/nicaragua\/wp-content\/uploads\/2022\/01\/Procedimiento_presentacion_de_reclamo_o_queja-768x457.jpg 768w\" sizes=\"(max-width: 871px) 100vw, 871px\">\t\t\t\t\t\t\t\t\t\t\t\t\t\t<\/p>\n<h3>Procedimiento para la revisi\u00f3n, verificaci\u00f3n y resoluci\u00f3n <\/h3>\n<p>\t\t\t\t\t\t\t\t\t\t\t\t<img width=\"1024\" height=\"415\" src=\"https:\/\/unicoservi.com\/nicaragua\/wp-content\/uploads\/2022\/01\/Procedimiento_revision_verificacion_resolucion--1024x415.jpg\" alt=\"\" loading=\"lazy\" srcset=\"https:\/\/unicoservi.com\/nicaragua\/wp-content\/uploads\/2022\/01\/Procedimiento_revision_verificacion_resolucion--1024x415.jpg 1024w, https:\/\/unicoservi.com\/nicaragua\/wp-content\/uploads\/2022\/01\/Procedimiento_revision_verificacion_resolucion--300x122.jpg 300w, https:\/\/unicoservi.com\/nicaragua\/wp-content\/uploads\/2022\/01\/Procedimiento_revision_verificacion_resolucion--768x311.jpg 768w, https:\/\/unicoservi.com\/nicaragua\/wp-content\/uploads\/2022\/01\/Procedimiento_revision_verificacion_resolucion--1536x623.jpg 1536w, https:\/\/unicoservi.com\/nicaragua\/wp-content\/uploads\/2022\/01\/Procedimiento_revision_verificacion_resolucion-.jpg 2002w\" sizes=\"(max-width: 1024px) 100vw, 1024px\">\t\t\t\t\t\t\t\t\t\t\t\t\t\t<\/p>\n<h3>Procedimiento para la comunicaci\u00f3n de la respuesta\/resoluci\u00f3n<\/h3>\n<p>\t\t\t\t\t\t\t\t\t\t\t\t<img width=\"1024\" height=\"727\" src=\"https:\/\/unicoservi.com\/nicaragua\/wp-content\/uploads\/2022\/01\/Procedimiento_comunicacion_de_respuesta-resolucion-1024x727.jpg\" alt=\"\" loading=\"lazy\" srcset=\"https:\/\/unicoservi.com\/nicaragua\/wp-content\/uploads\/2022\/01\/Procedimiento_comunicacion_de_respuesta-resolucion-1024x727.jpg 1024w, https:\/\/unicoservi.com\/nicaragua\/wp-content\/uploads\/2022\/01\/Procedimiento_comunicacion_de_respuesta-resolucion-300x213.jpg 300w, https:\/\/unicoservi.com\/nicaragua\/wp-content\/uploads\/2022\/01\/Procedimiento_comunicacion_de_respuesta-resolucion-768x545.jpg 768w, https:\/\/unicoservi.com\/nicaragua\/wp-content\/uploads\/2022\/01\/Procedimiento_comunicacion_de_respuesta-resolucion.jpg 1235w\" sizes=\"(max-width: 1024px) 100vw, 1024px\"><br>\n\t\t\t\t\t\t\t\t\t\t\t\t<img width=\"768\" height=\"993\" src=\"https:\/\/unicoservi.com\/nicaragua\/wp-content\/uploads\/2022\/04\/Hablador_Unicoservi.jpg\" alt=\"\" loading=\"lazy\"><\/p>","protected":false},"excerpt":{"rendered":"<p>Procedimiento para la presentaci\u00f3n de reclamo o queja Procedimiento para la revisi\u00f3n, verificaci\u00f3n y resoluci\u00f3n Procedimiento para la comunicaci\u00f3n de la respuesta\/resoluci\u00f3n<\/p>\n","protected":false},"author":2,"featured_media":0,"parent":0,"menu_order":0,"comment_status":"closed","ping_status":"closed","template":"elementor_header_footer","meta":{"site-sidebar-layout":"no-sidebar","site-content-layout":"content-boxed-container","ast-main-header-display":"","ast-hfb-above-header-display":"","ast-hfb-below-header-display":"","ast-hfb-mobile-header-display":"","site-post-title":"disabled","ast-breadcrumbs-content":"","ast-featured-img":"disabled","footer-sml-layout":"","theme-transparent-header-meta":"default","adv-header-id-meta":"","stick-header-meta":"","header-above-stick-meta":"","header-main-stick-meta":"","header-below-stick-meta":""},"_links":{"self":[{"href":"http:\/\/unicoservi.com\/nicaragua\/wp-json\/wp\/v2\/pages\/92"}],"collection":[{"href":"http:\/\/unicoservi.com\/nicaragua\/wp-json\/wp\/v2\/pages"}],"about":[{"href":"http:\/\/unicoservi.com\/nicaragua\/wp-json\/wp\/v2\/types\/page"}],"author":[{"embeddable":true,"href":"http:\/\/unicoservi.com\/nicaragua\/wp-json\/wp\/v2\/users\/2"}],"replies":[{"embeddable":true,"href":"http:\/\/unicoservi.com\/nicaragua\/wp-json\/wp\/v2\/comments?post=92"}],"version-history":[{"count":24,"href":"http:\/\/unicoservi.com\/nicaragua\/wp-json\/wp\/v2\/pages\/92\/revisions"}],"predecessor-version":[{"id":766,"href":"http:\/\/unicoservi.com\/nicaragua\/wp-json\/wp\/v2\/pages\/92\/revisions\/766"}],"wp:attachment":[{"href":"http:\/\/unicoservi.com\/nicaragua\/wp-json\/wp\/v2\/media?parent=92"}],"curies":[{"name":"wp","href":"https:\/\/api.w.org\/{rel}","templated":true}]}}