{"id":80,"date":"2020-02-04T20:40:00","date_gmt":"2020-02-04T20:40:00","guid":{"rendered":"https:\/\/unicoservi.com\/nicaragua\/?page_id=80"},"modified":"2021-04-27T21:45:01","modified_gmt":"2021-04-27T21:45:01","slug":"microcreditos","status":"publish","type":"page","link":"http:\/\/unicoservi.com\/nicaragua\/microcreditos\/","title":{"rendered":"Microcr\u00e9ditos"},"content":{"rendered":"\t\t<div data-elementor-type=\"wp-page\" data-elementor-id=\"80\" class=\"elementor elementor-80\">\n\t\t\t\t\t\t<div class=\"elementor-inner\">\n\t\t\t\t<div class=\"elementor-section-wrap\">\n\t\t\t\t\t\t\t\t\t<section class=\"elementor-section elementor-top-section elementor-element elementor-element-231974f6 elementor-section-boxed elementor-section-height-default elementor-section-height-default\" data-id=\"231974f6\" data-element_type=\"section\">\n\t\t\t\t\t\t<div class=\"elementor-container elementor-column-gap-default\">\n\t\t\t\t\t\t\t<div class=\"elementor-row\">\n\t\t\t\t\t<div class=\"elementor-column elementor-col-100 elementor-top-column elementor-element elementor-element-291fe986\" data-id=\"291fe986\" data-element_type=\"column\">\n\t\t\t<div class=\"elementor-column-wrap elementor-element-populated\">\n\t\t\t\t\t\t\t<div class=\"elementor-widget-wrap\">\n\t\t\t\t\t\t<div class=\"elementor-element elementor-element-9f11b36 elementor-widget elementor-widget-heading\" data-id=\"9f11b36\" data-element_type=\"widget\" data-widget_type=\"heading.default\">\n\t\t\t\t<div class=\"elementor-widget-container\">\n\t\t\t<h2 class=\"elementor-heading-title elementor-size-default\">Microcr\u00e9ditos<\/h2>\t\t<\/div>\n\t\t\t\t<\/div>\n\t\t\t\t<div class=\"elementor-element elementor-element-522c4a52 elementor-widget elementor-widget-text-editor\" data-id=\"522c4a52\" data-element_type=\"widget\" data-widget_type=\"text-editor.default\">\n\t\t\t\t<div class=\"elementor-widget-container\">\n\t\t\t\t\t\t\t\t<div class=\"elementor-text-editor elementor-clearfix\">\n\t\t\t\t<ul><li>Este cr\u00e9dito es dirigido a personas natural o jur\u00eddica que produzca y\/o comercialice bienes o servicios bajo su propio riesgo ; de los sectores de comercio, industria, servicio y\/o sectores productivos; de \u00e1reas rurales y urbanas.<\/li><li>Los montos a financiar pueden ser hasta diez veces el PIB per c\u00e1pita publicado por el Banco Central de Nicaragua.<\/li><li>Los plazos oscilan entre los 3 meses y 36 meses.<\/li><\/ul>\t\t\t\t\t<\/div>\n\t\t\t\t\t\t<\/div>\n\t\t\t\t<\/div>\n\t\t\t\t\t\t<\/div>\n\t\t\t\t\t<\/div>\n\t\t<\/div>\n\t\t\t\t\t\t\t\t<\/div>\n\t\t\t\t\t<\/div>\n\t\t<\/section>\n\t\t\t\t\t\t\t\t\t<\/div>\n\t\t\t<\/div>\n\t\t\t\t\t<\/div>\n\t\t","protected":false},"excerpt":{"rendered":"<p>Microcr\u00e9ditos Este cr\u00e9dito es dirigido a personas natural o jur\u00eddica que produzca y\/o comercialice bienes o servicios bajo su propio riesgo ; de los sectores de comercio, industria, servicio y\/o sectores productivos; de \u00e1reas rurales y urbanas. Los montos a financiar pueden ser hasta diez veces el PIB per c\u00e1pita publicado por el Banco Central &hellip;<\/p>\n<p class=\"read-more\"> <a class=\"\" href=\"http:\/\/unicoservi.com\/nicaragua\/microcreditos\/\"> <span class=\"screen-reader-text\">Microcr\u00e9ditos<\/span> Leer m\u00e1s &raquo;<\/a><\/p>\n","protected":false},"author":2,"featured_media":0,"parent":0,"menu_order":0,"comment_status":"closed","ping_status":"closed","template":"elementor_header_footer","meta":{"site-sidebar-layout":"no-sidebar","site-content-layout":"page-builder","ast-main-header-display":"","ast-hfb-above-header-display":"","ast-hfb-below-header-display":"","ast-hfb-mobile-header-display":"","site-post-title":"disabled","ast-breadcrumbs-content":"","ast-featured-img":"disabled","footer-sml-layout":"","theme-transparent-header-meta":"default","adv-header-id-meta":"","stick-header-meta":"","header-above-stick-meta":"","header-main-stick-meta":"","header-below-stick-meta":""},"_links":{"self":[{"href":"http:\/\/unicoservi.com\/nicaragua\/wp-json\/wp\/v2\/pages\/80"}],"collection":[{"href":"http:\/\/unicoservi.com\/nicaragua\/wp-json\/wp\/v2\/pages"}],"about":[{"href":"http:\/\/unicoservi.com\/nicaragua\/wp-json\/wp\/v2\/types\/page"}],"author":[{"embeddable":true,"href":"http:\/\/unicoservi.com\/nicaragua\/wp-json\/wp\/v2\/users\/2"}],"replies":[{"embeddable":true,"href":"http:\/\/unicoservi.com\/nicaragua\/wp-json\/wp\/v2\/comments?post=80"}],"version-history":[{"count":9,"href":"http:\/\/unicoservi.com\/nicaragua\/wp-json\/wp\/v2\/pages\/80\/revisions"}],"predecessor-version":[{"id":504,"href":"http:\/\/unicoservi.com\/nicaragua\/wp-json\/wp\/v2\/pages\/80\/revisions\/504"}],"wp:attachment":[{"href":"http:\/\/unicoservi.com\/nicaragua\/wp-json\/wp\/v2\/media?parent=80"}],"curies":[{"name":"wp","href":"https:\/\/api.w.org\/{rel}","templated":true}]}}