{"id":75,"date":"2020-02-04T18:17:18","date_gmt":"2020-02-04T18:17:18","guid":{"rendered":"https:\/\/unicoservi.com\/nicaragua\/?page_id=75"},"modified":"2020-05-03T23:57:31","modified_gmt":"2020-05-03T23:57:31","slug":"creditos-personales","status":"publish","type":"page","link":"http:\/\/unicoservi.com\/nicaragua\/creditos-personales\/","title":{"rendered":"Creditos Personales"},"content":{"rendered":"\t\t<div data-elementor-type=\"wp-page\" data-elementor-id=\"75\" class=\"elementor elementor-75\">\n\t\t\t\t\t\t<div class=\"elementor-inner\">\n\t\t\t\t<div class=\"elementor-section-wrap\">\n\t\t\t\t\t\t\t\t\t<section class=\"elementor-section elementor-top-section elementor-element elementor-element-d569525 elementor-section-boxed elementor-section-height-default elementor-section-height-default\" data-id=\"d569525\" data-element_type=\"section\">\n\t\t\t\t\t\t<div class=\"elementor-container elementor-column-gap-default\">\n\t\t\t\t\t\t\t<div class=\"elementor-row\">\n\t\t\t\t\t<div class=\"elementor-column elementor-col-100 elementor-top-column elementor-element elementor-element-3b2e4f24\" data-id=\"3b2e4f24\" data-element_type=\"column\">\n\t\t\t<div class=\"elementor-column-wrap elementor-element-populated\">\n\t\t\t\t\t\t\t<div class=\"elementor-widget-wrap\">\n\t\t\t\t\t\t<div class=\"elementor-element elementor-element-a9fd1dc elementor-widget elementor-widget-heading\" data-id=\"a9fd1dc\" data-element_type=\"widget\" data-widget_type=\"heading.default\">\n\t\t\t\t<div class=\"elementor-widget-container\">\n\t\t\t<h2 class=\"elementor-heading-title elementor-size-default\">Cr\u00e9ditos Personales<\/h2>\t\t<\/div>\n\t\t\t\t<\/div>\n\t\t\t\t<div class=\"elementor-element elementor-element-33d35851 elementor-widget elementor-widget-text-editor\" data-id=\"33d35851\" data-element_type=\"widget\" data-widget_type=\"text-editor.default\">\n\t\t\t\t<div class=\"elementor-widget-container\">\n\t\t\t\t\t\t\t\t<div class=\"elementor-text-editor elementor-clearfix\">\n\t\t\t\t<ul><li>Este cr\u00e9dito es dirigido a personas naturales para la adquisici\u00f3n de bienes de consumo que se comercialicen en las cadenas comerciales del grupo de Unicomer y gastos personales.<\/li><li>Los montos a financiar se determinan en base a la capacidad de pago del cliente y van desde U$ 60.00 d\u00f3lares o su equivalente en moneda nacional hasta montos no mayores a diez veces el PIB per c\u00e1pita publicado anualmente por el Banco Central de Nicaragua.<\/li><li>Los plazos oscilan entre 3 meses y 48 meses.<\/li><\/ul>\t\t\t\t\t<\/div>\n\t\t\t\t\t\t<\/div>\n\t\t\t\t<\/div>\n\t\t\t\t\t\t<\/div>\n\t\t\t\t\t<\/div>\n\t\t<\/div>\n\t\t\t\t\t\t\t\t<\/div>\n\t\t\t\t\t<\/div>\n\t\t<\/section>\n\t\t\t\t\t\t\t\t\t<\/div>\n\t\t\t<\/div>\n\t\t\t\t\t<\/div>\n\t\t","protected":false},"excerpt":{"rendered":"<p>Cr\u00e9ditos Personales Este cr\u00e9dito es dirigido a personas naturales para la adquisici\u00f3n de bienes de consumo que se comercialicen en las cadenas comerciales del grupo de Unicomer y gastos personales. Los montos a financiar se determinan en base a la capacidad de pago del cliente y van desde U$ 60.00 d\u00f3lares o su equivalente en &hellip;<\/p>\n<p class=\"read-more\"> <a class=\"\" href=\"http:\/\/unicoservi.com\/nicaragua\/creditos-personales\/\"> <span class=\"screen-reader-text\">Creditos Personales<\/span> Leer m\u00e1s &raquo;<\/a><\/p>\n","protected":false},"author":2,"featured_media":0,"parent":0,"menu_order":0,"comment_status":"closed","ping_status":"closed","template":"elementor_header_footer","meta":{"site-sidebar-layout":"no-sidebar","site-content-layout":"page-builder","ast-main-header-display":"","ast-hfb-above-header-display":"","ast-hfb-below-header-display":"","ast-hfb-mobile-header-display":"","site-post-title":"disabled","ast-breadcrumbs-content":"","ast-featured-img":"disabled","footer-sml-layout":"","theme-transparent-header-meta":"default","adv-header-id-meta":"","stick-header-meta":"","header-above-stick-meta":"","header-main-stick-meta":"","header-below-stick-meta":""},"_links":{"self":[{"href":"http:\/\/unicoservi.com\/nicaragua\/wp-json\/wp\/v2\/pages\/75"}],"collection":[{"href":"http:\/\/unicoservi.com\/nicaragua\/wp-json\/wp\/v2\/pages"}],"about":[{"href":"http:\/\/unicoservi.com\/nicaragua\/wp-json\/wp\/v2\/types\/page"}],"author":[{"embeddable":true,"href":"http:\/\/unicoservi.com\/nicaragua\/wp-json\/wp\/v2\/users\/2"}],"replies":[{"embeddable":true,"href":"http:\/\/unicoservi.com\/nicaragua\/wp-json\/wp\/v2\/comments?post=75"}],"version-history":[{"count":4,"href":"http:\/\/unicoservi.com\/nicaragua\/wp-json\/wp\/v2\/pages\/75\/revisions"}],"predecessor-version":[{"id":379,"href":"http:\/\/unicoservi.com\/nicaragua\/wp-json\/wp\/v2\/pages\/75\/revisions\/379"}],"wp:attachment":[{"href":"http:\/\/unicoservi.com\/nicaragua\/wp-json\/wp\/v2\/media?parent=75"}],"curies":[{"name":"wp","href":"https:\/\/api.w.org\/{rel}","templated":true}]}}