{"id":68,"date":"2020-02-04T17:41:02","date_gmt":"2020-02-04T17:41:02","guid":{"rendered":"https:\/\/unicoservi.com\/nicaragua\/?page_id=68"},"modified":"2025-09-12T22:44:00","modified_gmt":"2025-09-12T22:44:00","slug":"principales-ejecutivos","status":"publish","type":"page","link":"http:\/\/unicoservi.com\/nicaragua\/principales-ejecutivos\/","title":{"rendered":"Principales Ejecutivos"},"content":{"rendered":"\t\t<div data-elementor-type=\"wp-page\" data-elementor-id=\"68\" class=\"elementor elementor-68\">\n\t\t\t\t\t\t<div class=\"elementor-inner\">\n\t\t\t\t<div class=\"elementor-section-wrap\">\n\t\t\t\t\t\t\t\t\t<section class=\"elementor-section elementor-top-section elementor-element elementor-element-737ad316 elementor-section-boxed elementor-section-height-default elementor-section-height-default\" data-id=\"737ad316\" data-element_type=\"section\">\n\t\t\t\t\t\t<div class=\"elementor-container elementor-column-gap-default\">\n\t\t\t\t\t\t\t<div class=\"elementor-row\">\n\t\t\t\t\t<div class=\"elementor-column elementor-col-100 elementor-top-column elementor-element elementor-element-1752fc88\" data-id=\"1752fc88\" data-element_type=\"column\">\n\t\t\t<div class=\"elementor-column-wrap elementor-element-populated\">\n\t\t\t\t\t\t\t<div class=\"elementor-widget-wrap\">\n\t\t\t\t\t\t<div class=\"elementor-element elementor-element-0a69e30 elementor-widget elementor-widget-heading\" data-id=\"0a69e30\" data-element_type=\"widget\" data-widget_type=\"heading.default\">\n\t\t\t\t<div class=\"elementor-widget-container\">\n\t\t\t<h2 class=\"elementor-heading-title elementor-size-default\">Principales Ejecutivos<\/h2>\t\t<\/div>\n\t\t\t\t<\/div>\n\t\t\t\t<div class=\"elementor-element elementor-element-49ab3e7 elementor-widget elementor-widget-text-editor\" data-id=\"49ab3e7\" data-element_type=\"widget\" data-widget_type=\"text-editor.default\">\n\t\t\t\t<div class=\"elementor-widget-container\">\n\t\t\t\t\t\t\t\t<div class=\"elementor-text-editor elementor-clearfix\">\n\t\t\t\t<p><strong>Gerente General&nbsp;<\/strong><br>Enrique Leonel Rodr\u00edguez Alarc\u00f3n<\/p>\n<p><b>Gerente de Negocios Financieros&nbsp;<br><\/b><span style=\"font-size: 15px;\">Eda Bel\u00e9n L\u00f3pez Bayres<\/span><\/p>\n<p><strong>Gerente Financiero<\/strong> <br>Lesbia Mart\u00ednez Figueroa<\/p>\n<p><strong>Contador General<\/strong> <br>Jorge Taleno Garc\u00eda<\/p>\n<p><strong>Oficial de Cumplimiento<\/strong><br>Reina Isabel Mart\u00ednez<\/p>\n<p><strong>Oficial de Atenci\u00f3n al Usuario<\/strong> <br>Diana Jos\u00e9 \u00c1lvarez Gudiel<\/p>\n<p><strong>Gerente de Auditoria Interna<\/strong> <br>Cinthya Marcela Berm\u00fadez Hernandez<\/p>\n<p><strong>Gerente de TI<\/strong> <br>Ricardo Lacayo Lacayo<\/p>\t\t\t\t\t<\/div>\n\t\t\t\t\t\t<\/div>\n\t\t\t\t<\/div>\n\t\t\t\t\t\t<\/div>\n\t\t\t\t\t<\/div>\n\t\t<\/div>\n\t\t\t\t\t\t\t\t<\/div>\n\t\t\t\t\t<\/div>\n\t\t<\/section>\n\t\t\t\t\t\t\t\t\t<\/div>\n\t\t\t<\/div>\n\t\t\t\t\t<\/div>\n\t\t","protected":false},"excerpt":{"rendered":"<p>Principales Ejecutivos Gerente General&nbsp;Enrique Leonel Rodr\u00edguez Alarc\u00f3n Gerente de Negocios Financieros&nbsp;Eda Bel\u00e9n L\u00f3pez Bayres Gerente Financiero Lesbia Mart\u00ednez Figueroa Contador General Jorge Taleno Garc\u00eda Oficial de CumplimientoReina Isabel Mart\u00ednez Oficial de Atenci\u00f3n al Usuario Diana Jos\u00e9 \u00c1lvarez Gudiel Gerente de Auditoria Interna Cinthya Marcela Berm\u00fadez Hernandez Gerente de TI Ricardo Lacayo Lacayo<\/p>\n","protected":false},"author":2,"featured_media":0,"parent":0,"menu_order":0,"comment_status":"closed","ping_status":"closed","template":"","meta":{"site-sidebar-layout":"no-sidebar","site-content-layout":"page-builder","ast-main-header-display":"","ast-hfb-above-header-display":"","ast-hfb-below-header-display":"","ast-hfb-mobile-header-display":"","site-post-title":"disabled","ast-breadcrumbs-content":"","ast-featured-img":"disabled","footer-sml-layout":"","theme-transparent-header-meta":"default","adv-header-id-meta":"","stick-header-meta":"","header-above-stick-meta":"","header-main-stick-meta":"","header-below-stick-meta":""},"_links":{"self":[{"href":"http:\/\/unicoservi.com\/nicaragua\/wp-json\/wp\/v2\/pages\/68"}],"collection":[{"href":"http:\/\/unicoservi.com\/nicaragua\/wp-json\/wp\/v2\/pages"}],"about":[{"href":"http:\/\/unicoservi.com\/nicaragua\/wp-json\/wp\/v2\/types\/page"}],"author":[{"embeddable":true,"href":"http:\/\/unicoservi.com\/nicaragua\/wp-json\/wp\/v2\/users\/2"}],"replies":[{"embeddable":true,"href":"http:\/\/unicoservi.com\/nicaragua\/wp-json\/wp\/v2\/comments?post=68"}],"version-history":[{"count":27,"href":"http:\/\/unicoservi.com\/nicaragua\/wp-json\/wp\/v2\/pages\/68\/revisions"}],"predecessor-version":[{"id":1160,"href":"http:\/\/unicoservi.com\/nicaragua\/wp-json\/wp\/v2\/pages\/68\/revisions\/1160"}],"wp:attachment":[{"href":"http:\/\/unicoservi.com\/nicaragua\/wp-json\/wp\/v2\/media?parent=68"}],"curies":[{"name":"wp","href":"https:\/\/api.w.org\/{rel}","templated":true}]}}