{"id":64,"date":"2020-02-04T17:33:19","date_gmt":"2020-02-04T17:33:19","guid":{"rendered":"https:\/\/unicoservi.com\/nicaragua\/?page_id=64"},"modified":"2024-11-26T17:19:06","modified_gmt":"2024-11-26T17:19:06","slug":"junta-directiva","status":"publish","type":"page","link":"http:\/\/unicoservi.com\/nicaragua\/junta-directiva\/","title":{"rendered":"Junta Directiva"},"content":{"rendered":"\t\t<div data-elementor-type=\"wp-page\" data-elementor-id=\"64\" class=\"elementor elementor-64\">\n\t\t\t\t\t\t<div class=\"elementor-inner\">\n\t\t\t\t<div class=\"elementor-section-wrap\">\n\t\t\t\t\t\t\t\t\t<section class=\"elementor-section elementor-top-section elementor-element elementor-element-c887de9 elementor-section-boxed elementor-section-height-default elementor-section-height-default\" data-id=\"c887de9\" data-element_type=\"section\">\n\t\t\t\t\t\t<div class=\"elementor-container elementor-column-gap-default\">\n\t\t\t\t\t\t\t<div class=\"elementor-row\">\n\t\t\t\t\t<div class=\"elementor-column elementor-col-100 elementor-top-column elementor-element elementor-element-0a2b126\" data-id=\"0a2b126\" data-element_type=\"column\">\n\t\t\t<div class=\"elementor-column-wrap elementor-element-populated\">\n\t\t\t\t\t\t\t<div class=\"elementor-widget-wrap\">\n\t\t\t\t\t\t<div class=\"elementor-element elementor-element-83598c8 elementor-widget elementor-widget-heading\" data-id=\"83598c8\" data-element_type=\"widget\" data-widget_type=\"heading.default\">\n\t\t\t\t<div class=\"elementor-widget-container\">\n\t\t\t<h2 class=\"elementor-heading-title elementor-size-default\">Junta Directiva<\/h2>\t\t<\/div>\n\t\t\t\t<\/div>\n\t\t\t\t<div class=\"elementor-element elementor-element-545fbfb elementor-widget elementor-widget-text-editor\" data-id=\"545fbfb\" data-element_type=\"widget\" data-widget_type=\"text-editor.default\">\n\t\t\t\t<div class=\"elementor-widget-container\">\n\t\t\t\t\t\t\t\t<div class=\"elementor-text-editor elementor-clearfix\">\n\t\t\t\t<p><strong>Presidente:<\/strong><br \/>Fernando Ricardo Mar\u00edn Hurtado<\/p><p><strong>Vicepresidente:<\/strong><br \/>Leonel Rodr\u00edguez Alarc\u00f3n<\/p><p><strong>Secretario:<\/strong><br \/>Myriam Cruz de Cortez<\/p><p><strong>Vocal:<\/strong><br \/>Unicomer Latin America Co. Ltda., representada por Douglas Estrada. Domicilio Nicaragua.<\/p><p><strong>Vocal:<\/strong><br \/>Uni\u00f3n Comercial de Nicaragua, S.A., representada por Mar\u00eda Elsa Duarte. Domicilio Nicaragua.<\/p><p><strong>Director Suplente:<\/strong><br \/>Mario Alberto Sim\u00e1n Dabdoub.<\/p><p><strong>Director Suplente:<\/strong><br \/>Alfredo Mauricio Frech Siman<\/p>\t\t\t\t\t<\/div>\n\t\t\t\t\t\t<\/div>\n\t\t\t\t<\/div>\n\t\t\t\t\t\t<\/div>\n\t\t\t\t\t<\/div>\n\t\t<\/div>\n\t\t\t\t\t\t\t\t<\/div>\n\t\t\t\t\t<\/div>\n\t\t<\/section>\n\t\t\t\t\t\t\t\t\t<\/div>\n\t\t\t<\/div>\n\t\t\t\t\t<\/div>\n\t\t","protected":false},"excerpt":{"rendered":"<p>Junta Directiva Presidente:Fernando Ricardo Mar\u00edn Hurtado Vicepresidente:Leonel Rodr\u00edguez Alarc\u00f3n Secretario:Myriam Cruz de Cortez Vocal:Unicomer Latin America Co. Ltda., representada por Douglas Estrada. Domicilio Nicaragua. Vocal:Uni\u00f3n Comercial de Nicaragua, S.A., representada por Mar\u00eda Elsa Duarte. Domicilio Nicaragua. Director Suplente:Mario Alberto Sim\u00e1n Dabdoub. Director Suplente:Alfredo Mauricio Frech Siman<\/p>\n","protected":false},"author":2,"featured_media":0,"parent":0,"menu_order":0,"comment_status":"closed","ping_status":"closed","template":"elementor_header_footer","meta":{"site-sidebar-layout":"no-sidebar","site-content-layout":"page-builder","ast-main-header-display":"","ast-hfb-above-header-display":"","ast-hfb-below-header-display":"","ast-hfb-mobile-header-display":"","site-post-title":"disabled","ast-breadcrumbs-content":"","ast-featured-img":"disabled","footer-sml-layout":"","theme-transparent-header-meta":"default","adv-header-id-meta":"","stick-header-meta":"","header-above-stick-meta":"","header-main-stick-meta":"","header-below-stick-meta":""},"_links":{"self":[{"href":"http:\/\/unicoservi.com\/nicaragua\/wp-json\/wp\/v2\/pages\/64"}],"collection":[{"href":"http:\/\/unicoservi.com\/nicaragua\/wp-json\/wp\/v2\/pages"}],"about":[{"href":"http:\/\/unicoservi.com\/nicaragua\/wp-json\/wp\/v2\/types\/page"}],"author":[{"embeddable":true,"href":"http:\/\/unicoservi.com\/nicaragua\/wp-json\/wp\/v2\/users\/2"}],"replies":[{"embeddable":true,"href":"http:\/\/unicoservi.com\/nicaragua\/wp-json\/wp\/v2\/comments?post=64"}],"version-history":[{"count":24,"href":"http:\/\/unicoservi.com\/nicaragua\/wp-json\/wp\/v2\/pages\/64\/revisions"}],"predecessor-version":[{"id":991,"href":"http:\/\/unicoservi.com\/nicaragua\/wp-json\/wp\/v2\/pages\/64\/revisions\/991"}],"wp:attachment":[{"href":"http:\/\/unicoservi.com\/nicaragua\/wp-json\/wp\/v2\/media?parent=64"}],"curies":[{"name":"wp","href":"https:\/\/api.w.org\/{rel}","templated":true}]}}