{"id":58,"date":"2020-02-04T17:26:42","date_gmt":"2020-02-04T17:26:42","guid":{"rendered":"https:\/\/unicoservi.com\/nicaragua\/?page_id=58"},"modified":"2020-05-03T23:57:45","modified_gmt":"2020-05-03T23:57:45","slug":"mision-vision-y-valores","status":"publish","type":"page","link":"http:\/\/unicoservi.com\/nicaragua\/mision-vision-y-valores\/","title":{"rendered":"Mision  Visi\u00f3n y Valores"},"content":{"rendered":"\t\t<div data-elementor-type=\"wp-page\" data-elementor-id=\"58\" class=\"elementor elementor-58\">\n\t\t\t\t\t\t<div class=\"elementor-inner\">\n\t\t\t\t<div class=\"elementor-section-wrap\">\n\t\t\t\t\t\t\t\t\t<section class=\"elementor-section elementor-top-section elementor-element elementor-element-39cdfee4 elementor-section-boxed elementor-section-height-default elementor-section-height-default\" data-id=\"39cdfee4\" data-element_type=\"section\">\n\t\t\t\t\t\t<div class=\"elementor-container elementor-column-gap-default\">\n\t\t\t\t\t\t\t<div class=\"elementor-row\">\n\t\t\t\t\t<div class=\"elementor-column elementor-col-100 elementor-top-column elementor-element elementor-element-549285b5\" data-id=\"549285b5\" data-element_type=\"column\">\n\t\t\t<div class=\"elementor-column-wrap elementor-element-populated\">\n\t\t\t\t\t\t\t<div class=\"elementor-widget-wrap\">\n\t\t\t\t\t\t<div class=\"elementor-element elementor-element-6d11f1f elementor-widget elementor-widget-heading\" data-id=\"6d11f1f\" data-element_type=\"widget\" data-widget_type=\"heading.default\">\n\t\t\t\t<div class=\"elementor-widget-container\">\n\t\t\t<h2 class=\"elementor-heading-title elementor-size-default\">Misi\u00f3n, Visi\u00f3n y Valores<\/h2>\t\t<\/div>\n\t\t\t\t<\/div>\n\t\t\t\t<div class=\"elementor-element elementor-element-3d41f6d elementor-widget elementor-widget-text-editor\" data-id=\"3d41f6d\" data-element_type=\"widget\" data-widget_type=\"text-editor.default\">\n\t\t\t\t<div class=\"elementor-widget-container\">\n\t\t\t\t\t\t\t\t<div class=\"elementor-text-editor elementor-clearfix\">\n\t\t\t\t<p style=\"box-sizing: inherit; font-size: 15px; font-style: normal; font-weight: 400; margin-bottom: 1.6em; color: #3a3a3a; font-family: -apple-system, system-ui, 'Segoe UI', Roboto, Oxygen-Sans, Ubuntu, Cantarell, 'Helvetica Neue', sans-serif;\"><span style=\"box-sizing: inherit; font-size: 15px; font-weight: bold;\">MISI\u00d3N<\/span>: Ser l\u00edderes en el otorgamiento de cr\u00e9dito comercial personalizado para servir las necesidades de nuestros clientes.<\/p><p style=\"box-sizing: inherit; font-size: 15px; font-style: normal; font-weight: 400; margin-bottom: 1.6em; color: #3a3a3a; font-family: -apple-system, system-ui, 'Segoe UI', Roboto, Oxygen-Sans, Ubuntu, Cantarell, 'Helvetica Neue', sans-serif;\"><span style=\"box-sizing: inherit; font-size: 15px; font-weight: bold;\">VISI\u00d3N:<\/span>\u00a0Ser una organizaci\u00f3n de servicios financieros de clase mundial.<\/p><p style=\"box-sizing: inherit; font-size: 15px; font-style: normal; font-weight: 400; margin-bottom: 1.6em; color: #3a3a3a; font-family: -apple-system, system-ui, 'Segoe UI', Roboto, Oxygen-Sans, Ubuntu, Cantarell, 'Helvetica Neue', sans-serif;\"><span style=\"box-sizing: inherit; font-size: 15px; font-weight: bold;\">VALORES:<\/span>\u00a0En Unicoservi contamos con seis valores fundamentales: Integridad, Lealtad, Servicio al Cliente, Trabajo en Equipo, Responsabilidad y Liderazgo, los cuales se traducen en los siguientes comportamientos esperados:<\/p><p style=\"box-sizing: inherit; font-size: 15px; font-style: normal; font-weight: 400; margin-bottom: 1.6em; color: #3a3a3a; font-family: -apple-system, system-ui, 'Segoe UI', Roboto, Oxygen-Sans, Ubuntu, Cantarell, 'Helvetica Neue', sans-serif;\"><span style=\"box-sizing: inherit; font-size: 15px; font-weight: bold;\">Integridad<\/span><\/p><p style=\"box-sizing: inherit; font-size: 15px; font-style: normal; font-weight: 400; margin-bottom: 1.6em; color: #3a3a3a; font-family: -apple-system, system-ui, 'Segoe UI', Roboto, Oxygen-Sans, Ubuntu, Cantarell, 'Helvetica Neue', sans-serif;\">\u2013 Somos congruentes, de modo que nuestras acciones son un reflejo de nuestros valores<\/p><p style=\"box-sizing: inherit; font-size: 15px; font-style: normal; font-weight: 400; margin-bottom: 1.6em; color: #3a3a3a; font-family: -apple-system, system-ui, 'Segoe UI', Roboto, Oxygen-Sans, Ubuntu, Cantarell, 'Helvetica Neue', sans-serif;\">\u2013 Actuamos con honestidad y decimos siempre la verdad<\/p><p style=\"box-sizing: inherit; font-size: 15px; font-style: normal; font-weight: 400; margin-bottom: 1.6em; color: #3a3a3a; font-family: -apple-system, system-ui, 'Segoe UI', Roboto, Oxygen-Sans, Ubuntu, Cantarell, 'Helvetica Neue', sans-serif;\">\u2013 Nos comportamos de forma recta y clara<\/p><p style=\"box-sizing: inherit; font-size: 15px; font-style: normal; font-weight: 400; margin-bottom: 1.6em; color: #3a3a3a; font-family: -apple-system, system-ui, 'Segoe UI', Roboto, Oxygen-Sans, Ubuntu, Cantarell, 'Helvetica Neue', sans-serif;\"><span style=\"box-sizing: inherit; font-size: 15px; font-weight: bold;\">Lealtad<\/span><\/p><p style=\"box-sizing: inherit; font-size: 15px; font-style: normal; font-weight: 400; margin-bottom: 1.6em; color: #3a3a3a; font-family: -apple-system, system-ui, 'Segoe UI', Roboto, Oxygen-Sans, Ubuntu, Cantarell, 'Helvetica Neue', sans-serif;\">\u2013 Defendemos nuestros valores en todo momento<\/p><p style=\"box-sizing: inherit; font-size: 15px; font-style: normal; font-weight: 400; margin-bottom: 1.6em; color: #3a3a3a; font-family: -apple-system, system-ui, 'Segoe UI', Roboto, Oxygen-Sans, Ubuntu, Cantarell, 'Helvetica Neue', sans-serif;\">\u2013 Respetamos y protegemos los intereses generales de la compa\u00f1\u00eda<\/p><p style=\"box-sizing: inherit; font-size: 15px; font-style: normal; font-weight: 400; margin-bottom: 1.6em; color: #3a3a3a; font-family: -apple-system, system-ui, 'Segoe UI', Roboto, Oxygen-Sans, Ubuntu, Cantarell, 'Helvetica Neue', sans-serif;\">\u2013 Actuamos de manera comprometida y transparente para evitar la corrupci\u00f3n y promover la confianza y fidelidad entre nuestros clientes, colaboradores, inversionistas, proveedores y comunidades<\/p><p style=\"box-sizing: inherit; font-size: 15px; font-style: normal; font-weight: 400; margin-bottom: 1.6em; color: #3a3a3a; font-family: -apple-system, system-ui, 'Segoe UI', Roboto, Oxygen-Sans, Ubuntu, Cantarell, 'Helvetica Neue', sans-serif;\"><span style=\"box-sizing: inherit; font-size: 15px; font-weight: bold;\">Servicio al Cliente<\/span><\/p><p style=\"box-sizing: inherit; font-size: 15px; font-style: normal; font-weight: 400; margin-bottom: 1.6em; color: #3a3a3a; font-family: -apple-system, system-ui, 'Segoe UI', Roboto, Oxygen-Sans, Ubuntu, Cantarell, 'Helvetica Neue', sans-serif;\">\u2013 Actuamos siempre con una actitud amable<\/p><p style=\"box-sizing: inherit; font-size: 15px; font-style: normal; font-weight: 400; margin-bottom: 1.6em; color: #3a3a3a; font-family: -apple-system, system-ui, 'Segoe UI', Roboto, Oxygen-Sans, Ubuntu, Cantarell, 'Helvetica Neue', sans-serif;\">\u2013 Damos lo mejor de nosotros mismos con energ\u00eda y optimismo<\/p><p style=\"box-sizing: inherit; font-size: 15px; font-style: normal; font-weight: 400; margin-bottom: 1.6em; color: #3a3a3a; font-family: -apple-system, system-ui, 'Segoe UI', Roboto, Oxygen-Sans, Ubuntu, Cantarell, 'Helvetica Neue', sans-serif;\">\u2013 Nos anticipamos y respondemos a las necesidades de nuestros clientes, ofreci\u00e9ndoles los mejores productos de una manera cort\u00e9s y en un tiempo oportuno<\/p><p style=\"box-sizing: inherit; font-size: 15px; font-style: normal; font-weight: 400; margin-bottom: 1.6em; color: #3a3a3a; font-family: -apple-system, system-ui, 'Segoe UI', Roboto, Oxygen-Sans, Ubuntu, Cantarell, 'Helvetica Neue', sans-serif;\"><span style=\"box-sizing: inherit; font-size: 15px; font-weight: bold;\">Trabajo en Equipo<\/span><\/p><p style=\"box-sizing: inherit; font-size: 15px; font-style: normal; font-weight: 400; margin-bottom: 1.6em; color: #3a3a3a; font-family: -apple-system, system-ui, 'Segoe UI', Roboto, Oxygen-Sans, Ubuntu, Cantarell, 'Helvetica Neue', sans-serif;\">\u2013 Aportamos nuestro talento y esfuerzo para complementarnos y as\u00ed lograr mejores resultados<\/p><p style=\"box-sizing: inherit; font-size: 15px; font-style: normal; font-weight: 400; margin-bottom: 1.6em; color: #3a3a3a; font-family: -apple-system, system-ui, 'Segoe UI', Roboto, Oxygen-Sans, Ubuntu, Cantarell, 'Helvetica Neue', sans-serif;\">\u2013 Escuchamos, respetamos y tomamos en cuenta las ideas de nuestros compa\u00f1eros de trabajo,\u00a0 cooperando para lograr un prop\u00f3sito com\u00fan<\/p><p style=\"box-sizing: inherit; font-size: 15px; font-style: normal; font-weight: 400; margin-bottom: 1.6em; color: #3a3a3a; font-family: -apple-system, system-ui, 'Segoe UI', Roboto, Oxygen-Sans, Ubuntu, Cantarell, 'Helvetica Neue', sans-serif;\">\u2013 Estamos comprometidos a colaborar mutuamente y sentir responsabilidad colectiva por cumplir nuestra misi\u00f3n, visi\u00f3n y valores<\/p><p style=\"box-sizing: inherit; font-size: 15px; font-style: normal; font-weight: 400; margin-bottom: 1.6em; color: #3a3a3a; font-family: -apple-system, system-ui, 'Segoe UI', Roboto, Oxygen-Sans, Ubuntu, Cantarell, 'Helvetica Neue', sans-serif;\"><span style=\"box-sizing: inherit; font-size: 15px; font-weight: bold;\">Responsabilidad<\/span><\/p><p style=\"box-sizing: inherit; font-size: 15px; font-style: normal; font-weight: 400; margin-bottom: 1.6em; color: #3a3a3a; font-family: -apple-system, system-ui, 'Segoe UI', Roboto, Oxygen-Sans, Ubuntu, Cantarell, 'Helvetica Neue', sans-serif;\">\u2013 Asumimos responsabilidad por nuestras acciones y resultados<\/p><p style=\"box-sizing: inherit; font-size: 15px; font-style: normal; font-weight: 400; margin-bottom: 1.6em; color: #3a3a3a; font-family: -apple-system, system-ui, 'Segoe UI', Roboto, Oxygen-Sans, Ubuntu, Cantarell, 'Helvetica Neue', sans-serif;\">\u2013 Estamos conscientes del impacto de nuestras actividades en nuestros colaboradores, clientes, comunidad y medio ambiente<\/p><p style=\"box-sizing: inherit; font-size: 15px; font-style: normal; font-weight: 400; margin-bottom: 1.6em; color: #3a3a3a; font-family: -apple-system, system-ui, 'Segoe UI', Roboto, Oxygen-Sans, Ubuntu, Cantarell, 'Helvetica Neue', sans-serif;\">\u2013 Fomentamos el crecimiento y desarrollo de la comunidad<\/p><p style=\"box-sizing: inherit; font-size: 15px; font-style: normal; font-weight: 400; margin-bottom: 1.6em; color: #3a3a3a; font-family: -apple-system, system-ui, 'Segoe UI', Roboto, Oxygen-Sans, Ubuntu, Cantarell, 'Helvetica Neue', sans-serif;\"><span style=\"box-sizing: inherit; font-size: 15px; font-weight: bold;\">Liderazgo<\/span><\/p><p style=\"box-sizing: inherit; font-size: 15px; font-style: normal; font-weight: 400; margin-bottom: 1.6em; color: #3a3a3a; font-family: -apple-system, system-ui, 'Segoe UI', Roboto, Oxygen-Sans, Ubuntu, Cantarell, 'Helvetica Neue', sans-serif;\">\u2013 Fomentamos la autogesti\u00f3n, asumiendo el compromiso de nuestro desempe\u00f1o y sus resultados<\/p><p style=\"box-sizing: inherit; font-size: 15px; font-style: normal; font-weight: 400; margin-bottom: 1.6em; color: #3a3a3a; font-family: -apple-system, system-ui, 'Segoe UI', Roboto, Oxygen-Sans, Ubuntu, Cantarell, 'Helvetica Neue', sans-serif;\">\u2013 Dirigimos y desarrollamos equipos de trabajo, gui\u00e1ndolos acorde a nuestra misi\u00f3n y visi\u00f3n<\/p><p style=\"box-sizing: inherit; font-size: 15px; font-style: normal; font-weight: 400; margin-bottom: 0px; color: #3a3a3a; font-family: -apple-system, system-ui, 'Segoe UI', Roboto, Oxygen-Sans, Ubuntu, Cantarell, 'Helvetica Neue', sans-serif;\">\u2013 Lideramos mediante el ejemplo y valoramos a los l\u00edderes por su capacidad de preocuparse por los dem\u00e1s, sostener una clara comunicaci\u00f3n y compromiso a persevera<\/p>\t\t\t\t\t<\/div>\n\t\t\t\t\t\t<\/div>\n\t\t\t\t<\/div>\n\t\t\t\t\t\t<\/div>\n\t\t\t\t\t<\/div>\n\t\t<\/div>\n\t\t\t\t\t\t\t\t<\/div>\n\t\t\t\t\t<\/div>\n\t\t<\/section>\n\t\t\t\t\t\t\t\t\t<\/div>\n\t\t\t<\/div>\n\t\t\t\t\t<\/div>\n\t\t","protected":false},"excerpt":{"rendered":"<p>Misi\u00f3n, Visi\u00f3n y Valores MISI\u00d3N: Ser l\u00edderes en el otorgamiento de cr\u00e9dito comercial personalizado para servir las necesidades de nuestros clientes. VISI\u00d3N:\u00a0Ser una organizaci\u00f3n de servicios financieros de clase mundial. VALORES:\u00a0En Unicoservi contamos con seis valores fundamentales: Integridad, Lealtad, Servicio al Cliente, Trabajo en Equipo, Responsabilidad y Liderazgo, los cuales se traducen en los siguientes &hellip;<\/p>\n<p class=\"read-more\"> <a class=\"\" href=\"http:\/\/unicoservi.com\/nicaragua\/mision-vision-y-valores\/\"> <span class=\"screen-reader-text\">Mision  Visi\u00f3n y Valores<\/span> Leer m\u00e1s &raquo;<\/a><\/p>\n","protected":false},"author":2,"featured_media":0,"parent":0,"menu_order":0,"comment_status":"closed","ping_status":"closed","template":"elementor_header_footer","meta":{"site-sidebar-layout":"no-sidebar","site-content-layout":"page-builder","ast-main-header-display":"","ast-hfb-above-header-display":"","ast-hfb-below-header-display":"","ast-hfb-mobile-header-display":"","site-post-title":"disabled","ast-breadcrumbs-content":"","ast-featured-img":"disabled","footer-sml-layout":"","theme-transparent-header-meta":"default","adv-header-id-meta":"","stick-header-meta":"","header-above-stick-meta":"","header-main-stick-meta":"","header-below-stick-meta":""},"_links":{"self":[{"href":"http:\/\/unicoservi.com\/nicaragua\/wp-json\/wp\/v2\/pages\/58"}],"collection":[{"href":"http:\/\/unicoservi.com\/nicaragua\/wp-json\/wp\/v2\/pages"}],"about":[{"href":"http:\/\/unicoservi.com\/nicaragua\/wp-json\/wp\/v2\/types\/page"}],"author":[{"embeddable":true,"href":"http:\/\/unicoservi.com\/nicaragua\/wp-json\/wp\/v2\/users\/2"}],"replies":[{"embeddable":true,"href":"http:\/\/unicoservi.com\/nicaragua\/wp-json\/wp\/v2\/comments?post=58"}],"version-history":[{"count":5,"href":"http:\/\/unicoservi.com\/nicaragua\/wp-json\/wp\/v2\/pages\/58\/revisions"}],"predecessor-version":[{"id":384,"href":"http:\/\/unicoservi.com\/nicaragua\/wp-json\/wp\/v2\/pages\/58\/revisions\/384"}],"wp:attachment":[{"href":"http:\/\/unicoservi.com\/nicaragua\/wp-json\/wp\/v2\/media?parent=58"}],"curies":[{"name":"wp","href":"https:\/\/api.w.org\/{rel}","templated":true}]}}