{"id":40,"date":"2020-02-04T15:01:53","date_gmt":"2020-02-04T15:01:53","guid":{"rendered":"https:\/\/unicoservi.com\/nicaragua\/?page_id=40"},"modified":"2022-02-17T20:57:57","modified_gmt":"2022-02-17T20:57:57","slug":"preguntas-frecuentes","status":"publish","type":"page","link":"http:\/\/unicoservi.com\/nicaragua\/preguntas-frecuentes\/","title":{"rendered":"Preguntas Frecuentes"},"content":{"rendered":"\t\t<div data-elementor-type=\"wp-page\" data-elementor-id=\"40\" class=\"elementor elementor-40\">\n\t\t\t\t\t\t<div class=\"elementor-inner\">\n\t\t\t\t<div class=\"elementor-section-wrap\">\n\t\t\t\t\t\t\t\t\t<section class=\"elementor-section elementor-top-section elementor-element elementor-element-5146e820 elementor-section-boxed elementor-section-height-default elementor-section-height-default\" data-id=\"5146e820\" data-element_type=\"section\">\n\t\t\t\t\t\t<div class=\"elementor-container elementor-column-gap-default\">\n\t\t\t\t\t\t\t<div class=\"elementor-row\">\n\t\t\t\t\t<div class=\"elementor-column elementor-col-100 elementor-top-column elementor-element elementor-element-275068e1\" data-id=\"275068e1\" data-element_type=\"column\">\n\t\t\t<div class=\"elementor-column-wrap elementor-element-populated\">\n\t\t\t\t\t\t\t<div class=\"elementor-widget-wrap\">\n\t\t\t\t\t\t<div class=\"elementor-element elementor-element-868097d elementor-widget elementor-widget-heading\" data-id=\"868097d\" data-element_type=\"widget\" data-widget_type=\"heading.default\">\n\t\t\t\t<div class=\"elementor-widget-container\">\n\t\t\t<h2 class=\"elementor-heading-title elementor-size-default\">Preguntas Frecuentes<\/h2>\t\t<\/div>\n\t\t\t\t<\/div>\n\t\t\t\t<div class=\"elementor-element elementor-element-32c943ce elementor-widget elementor-widget-text-editor\" data-id=\"32c943ce\" data-element_type=\"widget\" data-widget_type=\"text-editor.default\">\n\t\t\t\t<div class=\"elementor-widget-container\">\n\t\t\t\t\t\t\t\t<div class=\"elementor-text-editor elementor-clearfix\">\n\t\t\t\t<p>1.<b> \u00bfCu\u00e1nto tarda el tr\u00e1mite para adquirir un cr\u00e9dito?<\/b><br \/>R: No m\u00e1s de 15 minutos a clientes establecidos y no m\u00e1s de una hora a clientes nuevos.<\/p><p><b>2. \u00bfCu\u00e1les son los requisitos para solicitar un cr\u00e9dito?<\/b><br \/>R: C\u00e9dula de identidad y comprobantes de ingresos.<\/p><p><b>3. \u00bfCu\u00e1nto me pueden otorgar de cr\u00e9dito?<\/b><br \/>R: El monto depende de tu capacidad.<\/p><p><b>4. \u00bfSi se cancela anticipadamente, bajan los intereses?<\/b><br \/>R: Paga el capital pendiente intereses corrientes a la fecha. En caso de estar en mora deber\u00e1s pagar lo correspondiente a la fecha.<\/p><p><b>5. \u00bfSe pueden realizar abonos antes de las fechas establecidas?<\/b><br \/>R: S\u00ed.<\/p><p><b>6. \u00bfD\u00f3nde puedo solicitar un cr\u00e9dito?<\/b><br \/>R: En cualquiera de las sucursales a nivel nacional de las cadenas comerciales del grupo UNICOMER.<\/p><p><b>7. \u00bfCu\u00e1les son los criterios que toman en cuenta para aprobar un cr\u00e9dito?<\/b><br \/>R: Capacidad de pago, estabilidad laboral y domiciliar.<\/p><p><b>8. \u00bfCu\u00e1les son los horarios de atenci\u00f3n en tiendas?<\/b><br \/>R: Lunes a s\u00e1bados de 9:00am a 6:00pm <br \/>\u00a0 \u00a0 \u00a0Domingos de 9:00 am a 2:00pm<br \/>\u00a0 \u00a0 \u00a0Este horario puede variar, seg\u00fan la ubicaci\u00f3n.<\/p><p><b>9. \u00bfCu\u00e1les son los horarios de atenci\u00f3n en Oficina de Atenci\u00f3n al Usuario?<\/b><br \/>R: Lunes a Viernes de 7:30am a 5:00pm y los S\u00e1bados de 8:00am a 12 :00md.<\/p><p><b>10. Puedo pagar en Cuotas?<\/b><br \/>R: Claro, podes cancelar tu cr\u00e9dito al plazo que mas se adecue a tus necesidades, manejamos los siguientes plazos:<\/p><ul><li>3 Meses<\/li><li>12 Meses<\/li><li>18 Meses<\/li><li>24 Meses<\/li><li>36 meses<\/li><li>48 meses<\/li><li>Aplican restricciones<\/li><\/ul><p><b>11. A que numero puedo llamar para pagar en l\u00ednea?<\/b><br \/>R: Puedes llamar al n\u00famero 22558520<\/p><p><b>12. \u00bfD\u00f3nde puedo realizar mis pagos?<\/b><br \/>R: Los pagos se pueden realizar en cualquiera de nuestras sucursales o en colectores terceros:<br \/>\u00a0 \u00a0 \u00a0 \u00a0 \u00a0 1. Telepagos Contact Center<br \/>\u00a0 \u00a0 \u00a0 \u00a0 \u00a0 2. Super Express<br \/>\u00a0 \u00a0 \u00a0 \u00a0 \u00a0 3. Agentes Banpro<br \/>\u00a0 \u00a0 \u00a0 \u00a0 \u00a0 4. Rapi BAC<br \/>\u00a0 \u00a0 \u00a0 \u00a0 \u00a0 5. Web de la Curacao Online<br \/>\u00a0 \u00a0 \u00a0 \u00a0 \u00a0 6. Agentes Autorizados AirPak<\/p><p><b>13. \u00bfPenalizan la cancelaci\u00f3n anticipada?<\/b><br \/>R: No.<\/p><p><b>14. \u00bfNecesito un fiador para tramitar mi cr\u00e9dito?<\/b><br \/>R: En la mayor\u00eda de los casos, no.<\/p><p><b>15. \u00bfCu\u00e1les son los n\u00fameros para reclamos de atenci\u00f3n al usuario?<\/b><br \/>R: 2255-8098, 2255-8066 y 2255-8100<\/p><p><b>16. \u00bfSe est\u00e1n realizando reestructuraciones de cuentas?<\/b><br \/>R: No se est\u00e1n realizando<\/p><p><b>17. \u00bfPuedo pagar un monto mayor a la cuota?<\/b><br \/>R: Le damos la oportunidad a nuestros usuarios para que puedan realizar pagos extraordinarios, esto disminuye el saldo de la deuda y adem\u00e1s no te cobramos ning\u00fan recargo.<\/p><p><b>18. \u00bfD\u00f3nde puedo solicitar un estado de cuenta?<\/b><br \/>R: Podes solicitarlo en cualquiera de nuestras sucursales solamente debes de presentar tu cedula de identidad.<\/p><p><b>19. Cuales son los requisitos para solicitar un Microcr\u00e9ditos?<\/b><br \/>R:<\/p><ul><li>Levantamiento de Inventario<\/li><li>Constancia de la DGI<\/li><li>Constancia de matr\u00edcula de la Alcald\u00eda<\/li><li>Constancia de factura de compra<\/li><\/ul><div><div><b>20. \u00bfD\u00f3nde\u00a0 est\u00e1n ubicadas las oficina de Atenci\u00f3n al Usuario?<\/b><\/div><div><span style=\"font-size: 15px; color: var( --e-global-color-text ); font-family: var( --e-global-typography-text-font-family ), Sans-serif;\">R: Portezuelo 800 metros al sur, Complejo Ernesto Pasquier Luna\u00a0<\/span><\/div><div>\u00a0<\/div><div><b>21. \u00bfCu\u00e1nto tiempo tengo que tener de estar trabajando para aplicar a un cr\u00e9dito?<\/b><\/div><div><span style=\"font-size: 15px; color: var( --e-global-color-text ); font-family: var( --e-global-typography-text-font-family ), Sans-serif;\">R: Si trabajas, es necesario que tengas como m\u00ednimo 1 a\u00f1o de estabilidad laboral y domiciliar.<\/span><\/div><\/div>\t\t\t\t\t<\/div>\n\t\t\t\t\t\t<\/div>\n\t\t\t\t<\/div>\n\t\t\t\t\t\t<\/div>\n\t\t\t\t\t<\/div>\n\t\t<\/div>\n\t\t\t\t\t\t\t\t<\/div>\n\t\t\t\t\t<\/div>\n\t\t<\/section>\n\t\t\t\t\t\t\t\t\t<\/div>\n\t\t\t<\/div>\n\t\t\t\t\t<\/div>\n\t\t","protected":false},"excerpt":{"rendered":"<p>1. \u00bfCu\u00e1nto tarda el tr\u00e1mite para adquirir un cr\u00e9dito?R: No m\u00e1s de 15 minutos a clientes establecidos y no m\u00e1s de una hora a clientes nuevos. 2. \u00bfCu\u00e1les son los requisitos para solicitar un cr\u00e9dito?R: C\u00e9dula de identidad y comprobantes de ingresos. 3. \u00bfCu\u00e1nto me pueden otorgar de cr\u00e9dito?R: El monto depende de tu capacidad. &hellip;<\/p>\n<p class=\"read-more\"> <a class=\"\" href=\"http:\/\/unicoservi.com\/nicaragua\/preguntas-frecuentes\/\"> <span class=\"screen-reader-text\">Preguntas Frecuentes<\/span> Leer m\u00e1s &raquo;<\/a><\/p>\n","protected":false},"author":2,"featured_media":0,"parent":0,"menu_order":0,"comment_status":"closed","ping_status":"closed","template":"elementor_header_footer","meta":{"site-sidebar-layout":"no-sidebar","site-content-layout":"page-builder","ast-main-header-display":"","ast-hfb-above-header-display":"","ast-hfb-below-header-display":"","ast-hfb-mobile-header-display":"","site-post-title":"disabled","ast-breadcrumbs-content":"","ast-featured-img":"disabled","footer-sml-layout":"","theme-transparent-header-meta":"default","adv-header-id-meta":"","stick-header-meta":"","header-above-stick-meta":"","header-main-stick-meta":"","header-below-stick-meta":""},"_links":{"self":[{"href":"http:\/\/unicoservi.com\/nicaragua\/wp-json\/wp\/v2\/pages\/40"}],"collection":[{"href":"http:\/\/unicoservi.com\/nicaragua\/wp-json\/wp\/v2\/pages"}],"about":[{"href":"http:\/\/unicoservi.com\/nicaragua\/wp-json\/wp\/v2\/types\/page"}],"author":[{"embeddable":true,"href":"http:\/\/unicoservi.com\/nicaragua\/wp-json\/wp\/v2\/users\/2"}],"replies":[{"embeddable":true,"href":"http:\/\/unicoservi.com\/nicaragua\/wp-json\/wp\/v2\/comments?post=40"}],"version-history":[{"count":44,"href":"http:\/\/unicoservi.com\/nicaragua\/wp-json\/wp\/v2\/pages\/40\/revisions"}],"predecessor-version":[{"id":647,"href":"http:\/\/unicoservi.com\/nicaragua\/wp-json\/wp\/v2\/pages\/40\/revisions\/647"}],"wp:attachment":[{"href":"http:\/\/unicoservi.com\/nicaragua\/wp-json\/wp\/v2\/media?parent=40"}],"curies":[{"name":"wp","href":"https:\/\/api.w.org\/{rel}","templated":true}]}}