{"id":388,"date":"2020-05-04T00:01:38","date_gmt":"2020-05-04T00:01:38","guid":{"rendered":"https:\/\/unicoservi.com\/nicaragua\/?page_id=388"},"modified":"2020-05-04T00:02:27","modified_gmt":"2020-05-04T00:02:27","slug":"creditos-de-desarrollo-empresarial","status":"publish","type":"page","link":"http:\/\/unicoservi.com\/nicaragua\/creditos-de-desarrollo-empresarial\/","title":{"rendered":"Cr\u00e9ditos de Desarrollo Empresarial"},"content":{"rendered":"\t\t<div data-elementor-type=\"wp-page\" data-elementor-id=\"388\" class=\"elementor elementor-388\">\n\t\t\t\t\t\t<div class=\"elementor-inner\">\n\t\t\t\t<div class=\"elementor-section-wrap\">\n\t\t\t\t\t\t\t\t\t<section class=\"elementor-section elementor-top-section elementor-element elementor-element-ce610b9 elementor-section-boxed elementor-section-height-default elementor-section-height-default\" data-id=\"ce610b9\" data-element_type=\"section\">\n\t\t\t\t\t\t<div class=\"elementor-container elementor-column-gap-default\">\n\t\t\t\t\t\t\t<div class=\"elementor-row\">\n\t\t\t\t\t<div class=\"elementor-column elementor-col-100 elementor-top-column elementor-element elementor-element-860cf98\" data-id=\"860cf98\" data-element_type=\"column\">\n\t\t\t<div class=\"elementor-column-wrap elementor-element-populated\">\n\t\t\t\t\t\t\t<div class=\"elementor-widget-wrap\">\n\t\t\t\t\t\t<div class=\"elementor-element elementor-element-d1a6df3 elementor-widget elementor-widget-heading\" data-id=\"d1a6df3\" data-element_type=\"widget\" data-widget_type=\"heading.default\">\n\t\t\t\t<div class=\"elementor-widget-container\">\n\t\t\t<h2 class=\"elementor-heading-title elementor-size-default\">Cr\u00e9ditos de Desarrollo Empresarial<\/h2>\t\t<\/div>\n\t\t\t\t<\/div>\n\t\t\t\t<div class=\"elementor-element elementor-element-205a7c7 elementor-widget elementor-widget-text-editor\" data-id=\"205a7c7\" data-element_type=\"widget\" data-widget_type=\"text-editor.default\">\n\t\t\t\t<div class=\"elementor-widget-container\">\n\t\t\t\t\t\t\t\t<div class=\"elementor-text-editor elementor-clearfix\">\n\t\t\t\t<ul style=\"font-size: 15px; font-style: normal; font-weight: 400; font-family: Roboto, sans-serif;\"><li style=\"font-size: 15px;\">Este cr\u00e9dito es dirigido a personas jur\u00eddicas para la adquisici\u00f3n a gran volumen de art\u00edculos que se comercialicen en las cadenas comerciales del grupo de Unicomer.<\/li><li style=\"font-size: 15px;\">Los montos a financiar van desde diez veces el PIB per c\u00e1pita publicado anualmente por el Banco Central de Nicaragua.<\/li><li style=\"font-size: 15px;\">Los plazos oscilan entre 3 meses y 48 meses.<\/li><\/ul>\t\t\t\t\t<\/div>\n\t\t\t\t\t\t<\/div>\n\t\t\t\t<\/div>\n\t\t\t\t\t\t<\/div>\n\t\t\t\t\t<\/div>\n\t\t<\/div>\n\t\t\t\t\t\t\t\t<\/div>\n\t\t\t\t\t<\/div>\n\t\t<\/section>\n\t\t\t\t\t\t\t\t\t<\/div>\n\t\t\t<\/div>\n\t\t\t\t\t<\/div>\n\t\t","protected":false},"excerpt":{"rendered":"<p>Este cr\u00e9dito es dirigido a personas jur\u00eddicas para la adquisici\u00f3n a gran volumen de art\u00edculos que se comercialicen en las cadenas comerciales del grupo de Unicomer. Los montos a financiar van desde diez veces el PIB per c\u00e1pita publicado anualmente por el Banco Central de Nicaragua. Los plazos oscilan entre 3 meses y 48 meses.<\/p>\n","protected":false},"author":2,"featured_media":0,"parent":0,"menu_order":0,"comment_status":"closed","ping_status":"closed","template":"elementor_header_footer","meta":{"site-sidebar-layout":"no-sidebar","site-content-layout":"page-builder","ast-main-header-display":"","ast-hfb-above-header-display":"","ast-hfb-below-header-display":"","ast-hfb-mobile-header-display":"","site-post-title":"disabled","ast-breadcrumbs-content":"","ast-featured-img":"disabled","footer-sml-layout":"","theme-transparent-header-meta":"default","adv-header-id-meta":"","stick-header-meta":"","header-above-stick-meta":"","header-main-stick-meta":"","header-below-stick-meta":""},"_links":{"self":[{"href":"http:\/\/unicoservi.com\/nicaragua\/wp-json\/wp\/v2\/pages\/388"}],"collection":[{"href":"http:\/\/unicoservi.com\/nicaragua\/wp-json\/wp\/v2\/pages"}],"about":[{"href":"http:\/\/unicoservi.com\/nicaragua\/wp-json\/wp\/v2\/types\/page"}],"author":[{"embeddable":true,"href":"http:\/\/unicoservi.com\/nicaragua\/wp-json\/wp\/v2\/users\/2"}],"replies":[{"embeddable":true,"href":"http:\/\/unicoservi.com\/nicaragua\/wp-json\/wp\/v2\/comments?post=388"}],"version-history":[{"count":2,"href":"http:\/\/unicoservi.com\/nicaragua\/wp-json\/wp\/v2\/pages\/388\/revisions"}],"predecessor-version":[{"id":390,"href":"http:\/\/unicoservi.com\/nicaragua\/wp-json\/wp\/v2\/pages\/388\/revisions\/390"}],"wp:attachment":[{"href":"http:\/\/unicoservi.com\/nicaragua\/wp-json\/wp\/v2\/media?parent=388"}],"curies":[{"name":"wp","href":"https:\/\/api.w.org\/{rel}","templated":true}]}}