{"id":117,"date":"2020-02-05T14:16:55","date_gmt":"2020-02-05T14:16:55","guid":{"rendered":"https:\/\/unicoservi.com\/nicaragua\/?page_id=117"},"modified":"2025-05-12T14:13:27","modified_gmt":"2025-05-12T14:13:27","slug":"tcea","status":"publish","type":"page","link":"http:\/\/unicoservi.com\/nicaragua\/tcea\/","title":{"rendered":"TCEA"},"content":{"rendered":"\t\t<div data-elementor-type=\"wp-page\" data-elementor-id=\"117\" class=\"elementor elementor-117\">\n\t\t\t\t\t\t<div class=\"elementor-inner\">\n\t\t\t\t<div class=\"elementor-section-wrap\">\n\t\t\t\t\t\t\t\t\t<section class=\"elementor-section elementor-top-section elementor-element elementor-element-1899b698 elementor-section-boxed elementor-section-height-default elementor-section-height-default\" data-id=\"1899b698\" data-element_type=\"section\">\n\t\t\t\t\t\t<div class=\"elementor-container elementor-column-gap-default\">\n\t\t\t\t\t\t\t<div class=\"elementor-row\">\n\t\t\t\t\t<div class=\"elementor-column elementor-col-100 elementor-top-column elementor-element elementor-element-4bb3ef4\" data-id=\"4bb3ef4\" data-element_type=\"column\">\n\t\t\t<div class=\"elementor-column-wrap elementor-element-populated\">\n\t\t\t\t\t\t\t<div class=\"elementor-widget-wrap\">\n\t\t\t\t\t\t<div class=\"elementor-element elementor-element-29c6fc77 elementor-widget elementor-widget-text-editor\" data-id=\"29c6fc77\" data-element_type=\"widget\" data-widget_type=\"text-editor.default\">\n\t\t\t\t<div class=\"elementor-widget-container\">\n\t\t\t\t\t\t\t\t<div class=\"elementor-text-editor elementor-clearfix\">\n\t\t\t\t<h2>TCEA<\/h2>\n\n<!-- wp:paragraph -->\n<p>Para la determinaci\u00f3n del c\u00e1lculo de la TCEA las IFIM deber\u00e1n utilizar la f\u00f3rmula detallada; mediante la cual el valor num\u00e9rico de la variable \u201ci\u201d, expresado en t\u00e9rminos porcentuales, satisface la siguiente ecuaci\u00f3n:<\/p>\n<!-- \/wp:paragraph -->\n\n<!-- wp:image {\"id\":102,\"sizeSlug\":\"large\"} -->\n<figure><img src=\"https:\/\/unicoservi.com\/nicaragua\/wp-content\/uploads\/2020\/02\/Formula.png\" alt=\"\"\/><\/figure>\n<!-- \/wp:image -->\n\n<p><img loading=\"lazy\" width=\"300\" height=\"84\" src=\"https:\/\/unicoservi.com\/nicaragua\/wp-content\/uploads\/2020\/05\/Formula-300x84.png\" alt=\"\" srcset=\"https:\/\/unicoservi.com\/nicaragua\/wp-content\/uploads\/2020\/05\/Formula-300x84.png 300w, https:\/\/unicoservi.com\/nicaragua\/wp-content\/uploads\/2020\/05\/Formula.png 474w\" sizes=\"(max-width: 300px) 100vw, 300px\"><\/p>\t\t\t\t\t<\/div>\n\t\t\t\t\t\t<\/div>\n\t\t\t\t<\/div>\n\t\t\t\t\t\t<\/div>\n\t\t\t\t\t<\/div>\n\t\t<\/div>\n\t\t\t\t\t\t\t\t<\/div>\n\t\t\t\t\t<\/div>\n\t\t<\/section>\n\t\t\t\t<section class=\"elementor-section elementor-top-section elementor-element elementor-element-2121fc3 elementor-section-boxed elementor-section-height-default elementor-section-height-default\" data-id=\"2121fc3\" data-element_type=\"section\" id=\"ejemplo-seccion\">\n\t\t\t\t\t\t<div class=\"elementor-container elementor-column-gap-default\">\n\t\t\t\t\t\t\t<div class=\"elementor-row\">\n\t\t\t\t\t<div class=\"elementor-column elementor-col-100 elementor-top-column elementor-element elementor-element-92cb674\" data-id=\"92cb674\" data-element_type=\"column\">\n\t\t\t<div class=\"elementor-column-wrap elementor-element-populated\">\n\t\t\t\t\t\t\t<div class=\"elementor-widget-wrap\">\n\t\t\t\t\t\t<div class=\"elementor-element elementor-element-19ea510 elementor-widget elementor-widget-shortcode\" data-id=\"19ea510\" data-element_type=\"widget\" data-widget_type=\"shortcode.default\">\n\t\t\t\t<div class=\"elementor-widget-container\">\n\t\t\t\t\t<div class=\"elementor-shortcode\"><a href=\"http:\/\/unicoservi.com\/nicaragua\/wp-content\/uploads\/2025\/04\/EJEMPLOS-DE-CALCULO-DE-LA-TCEA.pdf\" class=\"pdfemb-viewer\" style=\"\" data-width=\"max\" data-height=\"max\"  data-toolbar=\"bottom\" data-toolbar-fixed=\"off\">EJEMPLOS-DE-CALCULO-DE-LA-TCEA<br\/><\/a><\/div>\n\t\t\t\t<\/div>\n\t\t\t\t<\/div>\n\t\t\t\t\t\t<\/div>\n\t\t\t\t\t<\/div>\n\t\t<\/div>\n\t\t\t\t\t\t\t\t<\/div>\n\t\t\t\t\t<\/div>\n\t\t<\/section>\n\t\t\t\t<section class=\"elementor-section elementor-top-section elementor-element elementor-element-e9ee66b elementor-section-boxed elementor-section-height-default elementor-section-height-default\" data-id=\"e9ee66b\" data-element_type=\"section\">\n\t\t\t\t\t\t<div class=\"elementor-container elementor-column-gap-default\">\n\t\t\t\t\t\t\t<div class=\"elementor-row\">\n\t\t\t\t\t<div class=\"elementor-column elementor-col-100 elementor-top-column elementor-element elementor-element-5b60672\" data-id=\"5b60672\" data-element_type=\"column\">\n\t\t\t<div class=\"elementor-column-wrap elementor-element-populated\">\n\t\t\t\t\t\t\t<div class=\"elementor-widget-wrap\">\n\t\t\t\t\t\t<div class=\"elementor-element elementor-element-1682351 elementor-button-info elementor-align-center elementor-widget elementor-widget-button\" data-id=\"1682351\" data-element_type=\"widget\" data-widget_type=\"button.default\">\n\t\t\t\t<div class=\"elementor-widget-container\">\n\t\t\t\t\t<div class=\"elementor-button-wrapper\">\n\t\t\t<a href=\"#\" class=\"elementor-button-link elementor-button elementor-size-lg\" role=\"button\" id=\"boton-mostrar\">\n\t\t\t\t\t\t<span class=\"elementor-button-content-wrapper\">\n\t\t\t\t\t\t<span class=\"elementor-button-text\">Ejemplo de calculo para la TCEA<\/span>\n\t\t<\/span>\n\t\t\t\t\t<\/a>\n\t\t<\/div>\n\t\t\t\t<\/div>\n\t\t\t\t<\/div>\n\t\t\t\t\t\t<\/div>\n\t\t\t\t\t<\/div>\n\t\t<\/div>\n\t\t\t\t\t\t\t\t<\/div>\n\t\t\t\t\t<\/div>\n\t\t<\/section>\n\t\t\t\t<section class=\"elementor-section elementor-top-section elementor-element elementor-element-6d36bce elementor-section-boxed elementor-section-height-default elementor-section-height-default\" data-id=\"6d36bce\" data-element_type=\"section\">\n\t\t\t\t\t\t<div class=\"elementor-container elementor-column-gap-default\">\n\t\t\t\t\t\t\t<div class=\"elementor-row\">\n\t\t\t\t\t<div class=\"elementor-column elementor-col-100 elementor-top-column elementor-element elementor-element-4d26a29\" data-id=\"4d26a29\" data-element_type=\"column\">\n\t\t\t<div class=\"elementor-column-wrap elementor-element-populated\">\n\t\t\t\t\t\t\t<div class=\"elementor-widget-wrap\">\n\t\t\t\t\t\t<div class=\"elementor-element elementor-element-1a260eb elementor-widget elementor-widget-html\" data-id=\"1a260eb\" data-element_type=\"widget\" data-widget_type=\"html.default\">\n\t\t\t\t<div class=\"elementor-widget-container\">\n\t\t\t<script>\r\njQuery(document).ready(function($) {\r\n    $('#boton-mostrar').on('click', function() {\r\n        $('#ejemplo-seccion').slideToggle('fast', function() {\r\n            var textoBoton = $(this).is(':visible') ? 'Ocultar ejemplo de c\u00e1lculo para TCEA' : 'Mostrar ejemplo de c\u00e1lculo para TCEA';\r\n            $('#boton-mostrar').text(textoBoton);\r\n        });\r\n    });\r\n});\r\n<\/script>\t\t<\/div>\n\t\t\t\t<\/div>\n\t\t\t\t\t\t<\/div>\n\t\t\t\t\t<\/div>\n\t\t<\/div>\n\t\t\t\t\t\t\t\t<\/div>\n\t\t\t\t\t<\/div>\n\t\t<\/section>\n\t\t\t\t\t\t\t\t\t<\/div>\n\t\t\t<\/div>\n\t\t\t\t\t<\/div>\n\t\t","protected":false},"excerpt":{"rendered":"<p>TCEA Para la determinaci\u00f3n del c\u00e1lculo de la TCEA las IFIM deber\u00e1n utilizar la f\u00f3rmula detallada; mediante la cual el valor num\u00e9rico de la variable \u201ci\u201d, expresado en t\u00e9rminos porcentuales, satisface la siguiente ecuaci\u00f3n: Ejemplo de calculo para la TCEA<\/p>\n","protected":false},"author":2,"featured_media":0,"parent":0,"menu_order":0,"comment_status":"closed","ping_status":"closed","template":"","meta":{"site-sidebar-layout":"default","site-content-layout":"content-boxed-container","ast-main-header-display":"","ast-hfb-above-header-display":"","ast-hfb-below-header-display":"","ast-hfb-mobile-header-display":"","site-post-title":"","ast-breadcrumbs-content":"","ast-featured-img":"","footer-sml-layout":"","theme-transparent-header-meta":"default","adv-header-id-meta":"","stick-header-meta":"","header-above-stick-meta":"","header-main-stick-meta":"","header-below-stick-meta":""},"_links":{"self":[{"href":"http:\/\/unicoservi.com\/nicaragua\/wp-json\/wp\/v2\/pages\/117"}],"collection":[{"href":"http:\/\/unicoservi.com\/nicaragua\/wp-json\/wp\/v2\/pages"}],"about":[{"href":"http:\/\/unicoservi.com\/nicaragua\/wp-json\/wp\/v2\/types\/page"}],"author":[{"embeddable":true,"href":"http:\/\/unicoservi.com\/nicaragua\/wp-json\/wp\/v2\/users\/2"}],"replies":[{"embeddable":true,"href":"http:\/\/unicoservi.com\/nicaragua\/wp-json\/wp\/v2\/comments?post=117"}],"version-history":[{"count":21,"href":"http:\/\/unicoservi.com\/nicaragua\/wp-json\/wp\/v2\/pages\/117\/revisions"}],"predecessor-version":[{"id":1079,"href":"http:\/\/unicoservi.com\/nicaragua\/wp-json\/wp\/v2\/pages\/117\/revisions\/1079"}],"wp:attachment":[{"href":"http:\/\/unicoservi.com\/nicaragua\/wp-json\/wp\/v2\/media?parent=117"}],"curies":[{"name":"wp","href":"https:\/\/api.w.org\/{rel}","templated":true}]}}